{"id":2,"date":"2025-04-23T17:18:12","date_gmt":"2025-04-23T17:18:12","guid":{"rendered":"https:\/\/zitzenbach.de\/?page_id=2"},"modified":"2025-05-25T15:14:59","modified_gmt":"2025-05-25T13:14:59","slug":"sample-page","status":"publish","type":"page","link":"https:\/\/zitzenbach.de\/?page_id=2","title":{"rendered":"Beitrittserkl\u00e4rung"},"content":{"rendered":"\n<p>hier kannst Du die Beitrittserkl\u00e4rung herunterladen und uns zusenden. Damit unterst\u00fctzt Du den Erhalt des Naturfreibades Zitzenbach.<\/p>\n\n\n\n<p><a href=\"https:\/\/zitzenbach.de\/wp-content\/uploads\/2025\/05\/Beitrittserklaerung-mit-Datenschutz.pdf\">Beitrittserkl\u00e4rung<\/a><\/p>\n\n\n\n<p><\/p>\n","protected":false},"excerpt":{"rendered":"<p>hier kannst Du die Beitrittserkl\u00e4rung herunterladen und uns zusenden. Damit unterst\u00fctzt Du den Erhalt des Naturfreibades Zitzenbach. Beitrittserkl\u00e4rung<\/p>\n","protected":false},"author":1,"featured_media":0,"parent":0,"menu_order":0,"comment_status":"closed","ping_status":"closed","template":"","meta":{"inspiro_hide_title":false,"footnotes":""},"class_list":["post-2","page","type-page","status-publish","hentry"],"_links":{"self":[{"href":"https:\/\/zitzenbach.de\/index.php?rest_route=\/wp\/v2\/pages\/2","targetHints":{"allow":["GET"]}}],"collection":[{"href":"https:\/\/zitzenbach.de\/index.php?rest_route=\/wp\/v2\/pages"}],"about":[{"href":"https:\/\/zitzenbach.de\/index.php?rest_route=\/wp\/v2\/types\/page"}],"author":[{"embeddable":true,"href":"https:\/\/zitzenbach.de\/index.php?rest_route=\/wp\/v2\/users\/1"}],"replies":[{"embeddable":true,"href":"https:\/\/zitzenbach.de\/index.php?rest_route=%2Fwp%2Fv2%2Fcomments&post=2"}],"version-history":[{"count":4,"href":"https:\/\/zitzenbach.de\/index.php?rest_route=\/wp\/v2\/pages\/2\/revisions"}],"predecessor-version":[{"id":78,"href":"https:\/\/zitzenbach.de\/index.php?rest_route=\/wp\/v2\/pages\/2\/revisions\/78"}],"wp:attachment":[{"href":"https:\/\/zitzenbach.de\/index.php?rest_route=%2Fwp%2Fv2%2Fmedia&parent=2"}],"curies":[{"name":"wp","href":"https:\/\/api.w.org\/{rel}","templated":true}]}}